{"id":4149,"date":"2026-04-29T01:16:03","date_gmt":"2026-04-29T00:16:03","guid":{"rendered":"https:\/\/ammsud.com\/produit\/lancome-genifique-repair-creme-de-nuit\/"},"modified":"2026-04-29T01:16:03","modified_gmt":"2026-04-29T00:16:03","slug":"lancome-genifique-repair-creme-de-nuit","status":"publish","type":"product","link":"https:\/\/ammsud.com\/ar\/product\/lancome-genifique-repair-creme-de-nuit\/","title":{"rendered":"Lancome G\u00e9nifique Repair cr\u00e8me de nuit"},"content":{"rendered":"<p>G\u00e9nifique Repair \u0647\u0648 \u0639\u0644\u0627\u062c \u064a\u062d\u0627\u0631\u0628 \u0638\u0647\u0648\u0631 \u0639\u0644\u0627\u0645\u0627\u062a \u0627\u0644\u062a\u0639\u0628 \u0639\u0644\u0649 \u0628\u0634\u0631\u062a\u0643 \u0648\u064a\u0633\u0627\u0639\u062f\u0643 \u0639\u0644\u0649 \u0627\u0633\u062a\u0639\u0627\u062f\u0629 \u0644\u0645\u0639\u0627\u0646 \u0648\u0634\u0628\u0627\u0628 \u0628\u0634\u0631\u062a\u0643 \u0623\u062b\u0646\u0627\u0621 \u0627\u0644\u0646\u0648\u0645.r<br \/>\nr<br \/>\n\u0645\u0646\u0630 \u0627\u0644\u0644\u062d\u0638\u0629 \u0627\u0644\u0623\u0648\u0644\u0649 \u0627\u0644\u062a\u064a \u062a\u0633\u062a\u064a\u0642\u0638\u064a\u0646 \u0641\u064a\u0647\u0627\u060c \u062a\u0628\u062f\u0648 \u0628\u0634\u0631\u062a\u0643 \u0623\u0643\u062b\u0631 \u0646\u0639\u0648\u0645\u0629 \u0648\u0646\u0636\u0627\u0631\u0629.r<br \/>\nr<br \/>\n&nbsp;<\/p>","protected":false},"excerpt":{"rendered":"<p>G\u00e9nifique Repair \u0647\u0648 \u0639\u0644\u0627\u062c \u064a\u062d\u0627\u0631\u0628 \u0638\u0647\u0648\u0631 \u0639\u0644\u0627\u0645\u0627\u062a \u0627\u0644\u062a\u0639\u0628 \u0639\u0644\u0649 \u0628\u0634\u0631\u062a\u0643 \u0648\u064a\u0633\u0627\u0639\u062f\u0643 \u0639\u0644\u0649 \u0627\u0633\u062a\u0639\u0627\u062f\u0629 \u0644\u0645\u0639\u0627\u0646 \u0648\u0634\u0628\u0627\u0628 \u0628\u0634\u0631\u062a\u0643 \u0623\u062b\u0646\u0627\u0621 \u0627\u0644\u0646\u0648\u0645.r<br \/>\nr<br \/>\n\u0645\u0646\u0630 \u0627\u0644\u0644\u062d\u0638\u0629 \u0627\u0644\u0623\u0648\u0644\u0649 \u0627\u0644\u062a\u064a \u062a\u0633\u062a\u064a\u0642\u0638\u064a\u0646 \u0641\u064a\u0647\u0627\u060c \u062a\u0628\u062f\u0648 \u0628\u0634\u0631\u062a\u0643 \u0623\u0643\u062b\u0631 \u0646\u0639\u0648\u0645\u0629 \u0648\u0646\u0636\u0627\u0631\u0629.r<br \/>\nr<br \/>\n&nbsp;<\/p>","protected":false},"featured_media":0,"comment_status":"open","ping_status":"closed","template":"","meta":{"_uag_custom_page_level_css":"","site-sidebar-layout":"default","site-content-layout":"","ast-site-content-layout":"default","site-content-style":"default","site-sidebar-style":"default","ast-global-header-display":"","ast-banner-title-visibility":"","ast-main-header-display":"","ast-hfb-above-header-display":"","ast-hfb-below-header-display":"","ast-hfb-mobile-header-display":"","site-post-title":"","ast-breadcrumbs-content":"","ast-featured-img":"","footer-sml-layout":"","ast-disable-related-posts":"","theme-transparent-header-meta":"","adv-header-id-meta":"","stick-header-meta":"","header-above-stick-meta":"","header-main-stick-meta":"","header-below-stick-meta":"","astra-migrate-meta-layouts":"default","ast-page-background-enabled":"default","ast-page-background-meta":{"desktop":{"background-color":"var(--ast-global-color-5)","background-image":"","background-repeat":"repeat","background-position":"center center","background-size":"auto","background-attachment":"scroll","background-type":"","background-media":"","overlay-type":"","overlay-color":"","overlay-opacity":"","overlay-gradient":""},"tablet":{"background-color":"","background-image":"","background-repeat":"repeat","background-position":"center center","background-size":"auto","background-attachment":"scroll","background-type":"","background-media":"","overlay-type":"","overlay-color":"","overlay-opacity":"","overlay-gradient":""},"mobile":{"background-color":"","background-image":"","background-repeat":"repeat","background-position":"center center","background-size":"auto","background-attachment":"scroll","background-type":"","background-media":"","overlay-type":"","overlay-color":"","overlay-opacity":"","overlay-gradient":""}},"ast-content-background-meta":{"desktop":{"background-color":"var(--ast-global-color-4)","background-image":"","background-repeat":"repeat","background-position":"center center","background-size":"auto","background-attachment":"scroll","background-type":"","background-media":"","overlay-type":"","overlay-color":"","overlay-opacity":"","overlay-gradient":""},"tablet":{"background-color":"var(--ast-global-color-4)","background-image":"","background-repeat":"repeat","background-position":"center center","background-size":"auto","background-attachment":"scroll","background-type":"","background-media":"","overlay-type":"","overlay-color":"","overlay-opacity":"","overlay-gradient":""},"mobile":{"background-color":"var(--ast-global-color-4)","background-image":"","background-repeat":"repeat","background-position":"center center","background-size":"auto","background-attachment":"scroll","background-type":"","background-media":"","overlay-type":"","overlay-color":"","overlay-opacity":"","overlay-gradient":""}}},"product_brand":[],"product_cat":[33],"product_tag":[78,76,77],"class_list":{"0":"post-4149","1":"product","2":"type-product","3":"status-publish","5":"product_cat-visage","6":"product_tag-ammsud","7":"product_tag-dermo-cosmetique","8":"product_tag-visage","9":"desktop-align-left","10":"tablet-align-left","11":"mobile-align-left","13":"first","14":"instock","15":"shipping-taxable","16":"purchasable","17":"product-type-simple"},"uagb_featured_image_src":{"full":false,"thumbnail":false,"medium":false,"medium_large":false,"large":false,"1536x1536":false,"2048x2048":false,"trp-custom-language-flag":false,"woocommerce_thumbnail":false,"woocommerce_single":false,"woocommerce_gallery_thumbnail":false},"uagb_author_info":{"display_name":"ammsud39@gmail.com","author_link":"https:\/\/ammsud.com\/ar\/author\/"},"uagb_comment_info":0,"uagb_excerpt":"G\u00e9nifique Repair \u0647\u0648 \u0639\u0644\u0627\u062c \u064a\u062d\u0627\u0631\u0628 \u0638\u0647\u0648\u0631 \u0639\u0644\u0627\u0645\u0627\u062a \u0627\u0644\u062a\u0639\u0628 \u0639\u0644\u0649 \u0628\u0634\u0631\u062a\u0643 \u0648\u064a\u0633\u0627\u0639\u062f\u0643 \u0639\u0644\u0649 \u0627\u0633\u062a\u0639\u0627\u062f\u0629 \u0644\u0645\u0639\u0627\u0646 \u0648\u0634\u0628\u0627\u0628 \u0628\u0634\u0631\u062a\u0643 \u0623\u062b\u0646\u0627\u0621 \u0627\u0644\u0646\u0648\u0645.r r \u0645\u0646\u0630 \u0627\u0644\u0644\u062d\u0638\u0629 \u0627\u0644\u0623\u0648\u0644\u0649 \u0627\u0644\u062a\u064a \u062a\u0633\u062a\u064a\u0642\u0638\u064a\u0646 \u0641\u064a\u0647\u0627\u060c \u062a\u0628\u062f\u0648 \u0628\u0634\u0631\u062a\u0643 \u0623\u0643\u062b\u0631 \u0646\u0639\u0648\u0645\u0629 \u0648\u0646\u0636\u0627\u0631\u0629.r r &nbsp;","_links":{"self":[{"href":"https:\/\/ammsud.com\/ar\/wp-json\/wp\/v2\/product\/4149","targetHints":{"allow":["GET"]}}],"collection":[{"href":"https:\/\/ammsud.com\/ar\/wp-json\/wp\/v2\/product"}],"about":[{"href":"https:\/\/ammsud.com\/ar\/wp-json\/wp\/v2\/types\/product"}],"replies":[{"embeddable":true,"href":"https:\/\/ammsud.com\/ar\/wp-json\/wp\/v2\/comments?post=4149"}],"wp:attachment":[{"href":"https:\/\/ammsud.com\/ar\/wp-json\/wp\/v2\/media?parent=4149"}],"wp:term":[{"taxonomy":"product_brand","embeddable":true,"href":"https:\/\/ammsud.com\/ar\/wp-json\/wp\/v2\/product_brand?post=4149"},{"taxonomy":"product_cat","embeddable":true,"href":"https:\/\/ammsud.com\/ar\/wp-json\/wp\/v2\/product_cat?post=4149"},{"taxonomy":"product_tag","embeddable":true,"href":"https:\/\/ammsud.com\/ar\/wp-json\/wp\/v2\/product_tag?post=4149"}],"curies":[{"name":"wp","href":"https:\/\/api.w.org\/{rel}","templated":true}]}}