{"id":5046,"date":"2026-05-04T16:47:50","date_gmt":"2026-05-04T15:47:50","guid":{"rendered":"https:\/\/ammsud.com\/produit\/abib-collagen-eye-patch\/"},"modified":"2026-05-11T11:21:14","modified_gmt":"2026-05-11T10:21:14","slug":"abib-collagen-eye-patch","status":"publish","type":"product","link":"https:\/\/ammsud.com\/ar\/product\/abib-collagen-eye-patch\/","title":{"rendered":"Abib Collagen Eye Patch"},"content":{"rendered":"<h2>Pr\u00e9sentation<\/h2>\n<p>Le Abib Collagen Eye Patch de Abib est un soin enrichi en actifs de haute qualit\u00e9. Formul\u00e9 selon les standards les plus exigeants pour des r\u00e9sultats visibles.<\/p>\n<h2>B\u00e9n\u00e9fices<\/h2>\n<p>Agit en profondeur gr\u00e2ce \u00e0 actifs de haute qualit\u00e9. Recommand\u00e9 par nos experts dermo-cosm\u00e9tiques AMM Sud.<\/p>\n<h2>Utilisation<\/h2>\n<p>Appliquer sur peau propre matin et\/ou soir. Compl\u00e9ter avec SPF en journ\u00e9e.<\/p>","protected":false},"excerpt":{"rendered":"<p>Soin Abib enrichi en actifs de haute qualit\u00e9. Test\u00e9 dermatologiquement. Livraison rapide en Alg\u00e9rie chez AMM Sud.<\/p>","protected":false},"featured_media":6197,"comment_status":"open","ping_status":"closed","template":"","meta":{"_uag_custom_page_level_css":"","site-sidebar-layout":"default","site-content-layout":"","ast-site-content-layout":"default","site-content-style":"default","site-sidebar-style":"default","ast-global-header-display":"","ast-banner-title-visibility":"","ast-main-header-display":"","ast-hfb-above-header-display":"","ast-hfb-below-header-display":"","ast-hfb-mobile-header-display":"","site-post-title":"","ast-breadcrumbs-content":"","ast-featured-img":"","footer-sml-layout":"","ast-disable-related-posts":"","theme-transparent-header-meta":"default","adv-header-id-meta":"","stick-header-meta":"","header-above-stick-meta":"","header-main-stick-meta":"","header-below-stick-meta":"","astra-migrate-meta-layouts":"set","ast-page-background-enabled":"default","ast-page-background-meta":{"desktop":{"background-color":"var(--ast-global-color-5)","background-image":"","background-repeat":"repeat","background-position":"center center","background-size":"auto","background-attachment":"scroll","background-type":"","background-media":"","overlay-type":"","overlay-color":"","overlay-opacity":"","overlay-gradient":""},"tablet":{"background-color":"","background-image":"","background-repeat":"repeat","background-position":"center center","background-size":"auto","background-attachment":"scroll","background-type":"","background-media":"","overlay-type":"","overlay-color":"","overlay-opacity":"","overlay-gradient":""},"mobile":{"background-color":"","background-image":"","background-repeat":"repeat","background-position":"center center","background-size":"auto","background-attachment":"scroll","background-type":"","background-media":"","overlay-type":"","overlay-color":"","overlay-opacity":"","overlay-gradient":""}},"ast-content-background-meta":{"desktop":{"background-color":"var(--ast-global-color-4)","background-image":"","background-repeat":"repeat","background-position":"center center","background-size":"auto","background-attachment":"scroll","background-type":"","background-media":"","overlay-type":"","overlay-color":"","overlay-opacity":"","overlay-gradient":""},"tablet":{"background-color":"var(--ast-global-color-4)","background-image":"","background-repeat":"repeat","background-position":"center center","background-size":"auto","background-attachment":"scroll","background-type":"","background-media":"","overlay-type":"","overlay-color":"","overlay-opacity":"","overlay-gradient":""},"mobile":{"background-color":"var(--ast-global-color-4)","background-image":"","background-repeat":"repeat","background-position":"center center","background-size":"auto","background-attachment":"scroll","background-type":"","background-media":"","overlay-type":"","overlay-color":"","overlay-opacity":"","overlay-gradient":""}},"_joinchat":[]},"pwb-brand":[196],"product_brand":[],"product_cat":[42,44],"product_tag":[137],"class_list":{"0":"post-5046","1":"product","2":"type-product","3":"status-publish","4":"has-post-thumbnail","6":"pwb-brand-abib","7":"product_cat-anti-age","8":"product_cat-contour-des-yeux","9":"product_tag-abib","10":"desktop-align-left","11":"tablet-align-left","12":"mobile-align-left","14":"first","15":"instock","16":"shipping-taxable","17":"purchasable","18":"product-type-simple"},"uagb_featured_image_src":{"full":["https:\/\/ammsud.com\/wp-content\/uploads\/2026\/05\/SheMartlogo-2025-09-02T182950.397.png",1080,1080,false],"thumbnail":["https:\/\/ammsud.com\/wp-content\/uploads\/2026\/05\/SheMartlogo-2025-09-02T182950.397-150x150.png",150,150,true],"medium":["https:\/\/ammsud.com\/wp-content\/uploads\/2026\/05\/SheMartlogo-2025-09-02T182950.397-300x300.png",300,300,true],"medium_large":["https:\/\/ammsud.com\/wp-content\/uploads\/2026\/05\/SheMartlogo-2025-09-02T182950.397-768x768.png",768,768,true],"large":["https:\/\/ammsud.com\/wp-content\/uploads\/2026\/05\/SheMartlogo-2025-09-02T182950.397-1024x1024.png",1024,1024,true],"1536x1536":["https:\/\/ammsud.com\/wp-content\/uploads\/2026\/05\/SheMartlogo-2025-09-02T182950.397.png",1080,1080,false],"2048x2048":["https:\/\/ammsud.com\/wp-content\/uploads\/2026\/05\/SheMartlogo-2025-09-02T182950.397.png",1080,1080,false],"trp-custom-language-flag":["https:\/\/ammsud.com\/wp-content\/uploads\/2026\/05\/SheMartlogo-2025-09-02T182950.397-12x12.png",12,12,true],"woocommerce_thumbnail":["https:\/\/ammsud.com\/wp-content\/uploads\/2026\/05\/SheMartlogo-2025-09-02T182950.397-300x300.png",300,300,true],"woocommerce_single":["https:\/\/ammsud.com\/wp-content\/uploads\/2026\/05\/SheMartlogo-2025-09-02T182950.397-600x600.png",600,600,true],"woocommerce_gallery_thumbnail":["https:\/\/ammsud.com\/wp-content\/uploads\/2026\/05\/SheMartlogo-2025-09-02T182950.397-100x100.png",100,100,true]},"uagb_author_info":{"display_name":"ammsud39@gmail.com","author_link":"https:\/\/ammsud.com\/ar\/author\/"},"uagb_comment_info":0,"uagb_excerpt":"Soin Abib enrichi en actifs de haute qualit\u00e9. Test\u00e9 dermatologiquement. Livraison rapide en Alg\u00e9rie chez AMM Sud.","brands":[{"id":196,"name":"ABIB","slug":"abib"}],"_links":{"self":[{"href":"https:\/\/ammsud.com\/ar\/wp-json\/wp\/v2\/product\/5046","targetHints":{"allow":["GET"]}}],"collection":[{"href":"https:\/\/ammsud.com\/ar\/wp-json\/wp\/v2\/product"}],"about":[{"href":"https:\/\/ammsud.com\/ar\/wp-json\/wp\/v2\/types\/product"}],"replies":[{"embeddable":true,"href":"https:\/\/ammsud.com\/ar\/wp-json\/wp\/v2\/comments?post=5046"}],"wp:featuredmedia":[{"embeddable":true,"href":"https:\/\/ammsud.com\/ar\/wp-json\/wp\/v2\/media\/6197"}],"wp:attachment":[{"href":"https:\/\/ammsud.com\/ar\/wp-json\/wp\/v2\/media?parent=5046"}],"wp:term":[{"taxonomy":"pwb-brand","embeddable":true,"href":"https:\/\/ammsud.com\/ar\/wp-json\/wp\/v2\/pwb-brand?post=5046"},{"taxonomy":"product_brand","embeddable":true,"href":"https:\/\/ammsud.com\/ar\/wp-json\/wp\/v2\/product_brand?post=5046"},{"taxonomy":"product_cat","embeddable":true,"href":"https:\/\/ammsud.com\/ar\/wp-json\/wp\/v2\/product_cat?post=5046"},{"taxonomy":"product_tag","embeddable":true,"href":"https:\/\/ammsud.com\/ar\/wp-json\/wp\/v2\/product_tag?post=5046"}],"curies":[{"name":"wp","href":"https:\/\/api.w.org\/{rel}","templated":true}]}}