{"id":5093,"date":"2026-05-04T16:47:56","date_gmt":"2026-05-04T15:47:56","guid":{"rendered":"https:\/\/ammsud.com\/produit\/dr-althea-345-relief-cream-50ml\/"},"modified":"2026-05-11T00:03:10","modified_gmt":"2026-05-10T23:03:10","slug":"dr-althea-345-relief-cream-50ml","status":"publish","type":"product","link":"https:\/\/ammsud.com\/ar\/product\/dr-althea-345-relief-cream-50ml\/","title":{"rendered":"\u0643\u0631\u064a\u0645 \u062f\u0643\u062a\u0648\u0631 \u0623\u0644\u062b\u064a\u0627 345 \u0644\u062a\u062e\u0641\u064a\u0641 \u0627\u0644\u0623\u0644\u0645 50 \u0645\u0644"},"content":{"rendered":"<h2>Pr\u00e9sentation<\/h2>\n<p>Le Dr Althea 345 Relief Cream 50Ml de Dr. Althea est un cr\u00e8me enrichi en actifs de haute qualit\u00e9. Formul\u00e9 selon les standards les plus exigeants pour des r\u00e9sultats visibles.<\/p>\n<h2>B\u00e9n\u00e9fices<\/h2>\n<p>Agit en profondeur gr\u00e2ce \u00e0 actifs de haute qualit\u00e9. Recommand\u00e9 par nos experts dermo-cosm\u00e9tiques AMM Sud.<\/p>\n<h2>Utilisation<\/h2>\n<p>Appliquer sur peau propre matin et\/ou soir. Compl\u00e9ter avec SPF en journ\u00e9e.<\/p>","protected":false},"excerpt":{"rendered":"<p>Cr\u00e8me Dr. Althea enrichi en actifs de haute qualit\u00e9. Test\u00e9 dermatologiquement. Livraison rapide en Alg\u00e9rie chez AMM Sud.<\/p>","protected":false},"featured_media":5912,"comment_status":"open","ping_status":"closed","template":"","meta":{"_uag_custom_page_level_css":"","site-sidebar-layout":"default","site-content-layout":"","ast-site-content-layout":"default","site-content-style":"default","site-sidebar-style":"default","ast-global-header-display":"","ast-banner-title-visibility":"","ast-main-header-display":"","ast-hfb-above-header-display":"","ast-hfb-below-header-display":"","ast-hfb-mobile-header-display":"","site-post-title":"","ast-breadcrumbs-content":"","ast-featured-img":"","footer-sml-layout":"","ast-disable-related-posts":"","theme-transparent-header-meta":"","adv-header-id-meta":"","stick-header-meta":"","header-above-stick-meta":"","header-main-stick-meta":"","header-below-stick-meta":"","astra-migrate-meta-layouts":"default","ast-page-background-enabled":"default","ast-page-background-meta":{"desktop":{"background-color":"var(--ast-global-color-5)","background-image":"","background-repeat":"repeat","background-position":"center center","background-size":"auto","background-attachment":"scroll","background-type":"","background-media":"","overlay-type":"","overlay-color":"","overlay-opacity":"","overlay-gradient":""},"tablet":{"background-color":"","background-image":"","background-repeat":"repeat","background-position":"center center","background-size":"auto","background-attachment":"scroll","background-type":"","background-media":"","overlay-type":"","overlay-color":"","overlay-opacity":"","overlay-gradient":""},"mobile":{"background-color":"","background-image":"","background-repeat":"repeat","background-position":"center center","background-size":"auto","background-attachment":"scroll","background-type":"","background-media":"","overlay-type":"","overlay-color":"","overlay-opacity":"","overlay-gradient":""}},"ast-content-background-meta":{"desktop":{"background-color":"var(--ast-global-color-4)","background-image":"","background-repeat":"repeat","background-position":"center center","background-size":"auto","background-attachment":"scroll","background-type":"","background-media":"","overlay-type":"","overlay-color":"","overlay-opacity":"","overlay-gradient":""},"tablet":{"background-color":"var(--ast-global-color-4)","background-image":"","background-repeat":"repeat","background-position":"center center","background-size":"auto","background-attachment":"scroll","background-type":"","background-media":"","overlay-type":"","overlay-color":"","overlay-opacity":"","overlay-gradient":""},"mobile":{"background-color":"var(--ast-global-color-4)","background-image":"","background-repeat":"repeat","background-position":"center center","background-size":"auto","background-attachment":"scroll","background-type":"","background-media":"","overlay-type":"","overlay-color":"","overlay-opacity":"","overlay-gradient":""}},"_joinchat":[]},"product_brand":[],"product_cat":[39],"product_tag":[143],"class_list":{"0":"post-5093","1":"product","2":"type-product","3":"status-publish","4":"has-post-thumbnail","6":"product_cat-hydratants","7":"product_tag-dr-althea-2","8":"desktop-align-left","9":"tablet-align-left","10":"mobile-align-left","12":"first","13":"instock","14":"shipping-taxable","15":"purchasable","16":"product-type-simple"},"uagb_featured_image_src":{"full":["https:\/\/ammsud.com\/wp-content\/uploads\/2026\/05\/relief-cream-50ml-dr-althea-dr-althea-ammsud.png",1039,1000,false],"thumbnail":["https:\/\/ammsud.com\/wp-content\/uploads\/2026\/05\/relief-cream-50ml-dr-althea-dr-althea-ammsud-150x150.png",150,150,true],"medium":["https:\/\/ammsud.com\/wp-content\/uploads\/2026\/05\/relief-cream-50ml-dr-althea-dr-althea-ammsud-300x289.png",300,289,true],"medium_large":["https:\/\/ammsud.com\/wp-content\/uploads\/2026\/05\/relief-cream-50ml-dr-althea-dr-althea-ammsud-768x739.png",768,739,true],"large":["https:\/\/ammsud.com\/wp-content\/uploads\/2026\/05\/relief-cream-50ml-dr-althea-dr-althea-ammsud-1024x986.png",1024,986,true],"1536x1536":["https:\/\/ammsud.com\/wp-content\/uploads\/2026\/05\/relief-cream-50ml-dr-althea-dr-althea-ammsud.png",1039,1000,false],"2048x2048":["https:\/\/ammsud.com\/wp-content\/uploads\/2026\/05\/relief-cream-50ml-dr-althea-dr-althea-ammsud.png",1039,1000,false],"trp-custom-language-flag":["https:\/\/ammsud.com\/wp-content\/uploads\/2026\/05\/relief-cream-50ml-dr-althea-dr-althea-ammsud-12x12.png",12,12,true],"woocommerce_thumbnail":["https:\/\/ammsud.com\/wp-content\/uploads\/2026\/05\/relief-cream-50ml-dr-althea-dr-althea-ammsud-300x300.png",300,300,true],"woocommerce_single":["https:\/\/ammsud.com\/wp-content\/uploads\/2026\/05\/relief-cream-50ml-dr-althea-dr-althea-ammsud-600x577.png",600,577,true],"woocommerce_gallery_thumbnail":["https:\/\/ammsud.com\/wp-content\/uploads\/2026\/05\/relief-cream-50ml-dr-althea-dr-althea-ammsud-100x100.png",100,100,true]},"uagb_author_info":{"display_name":"ammsud39@gmail.com","author_link":"https:\/\/ammsud.com\/ar\/author\/"},"uagb_comment_info":0,"uagb_excerpt":"Cr\u00e8me Dr. Althea enrichi en actifs de haute qualit\u00e9. Test\u00e9 dermatologiquement. Livraison rapide en Alg\u00e9rie chez AMM Sud.","_links":{"self":[{"href":"https:\/\/ammsud.com\/ar\/wp-json\/wp\/v2\/product\/5093","targetHints":{"allow":["GET"]}}],"collection":[{"href":"https:\/\/ammsud.com\/ar\/wp-json\/wp\/v2\/product"}],"about":[{"href":"https:\/\/ammsud.com\/ar\/wp-json\/wp\/v2\/types\/product"}],"replies":[{"embeddable":true,"href":"https:\/\/ammsud.com\/ar\/wp-json\/wp\/v2\/comments?post=5093"}],"wp:featuredmedia":[{"embeddable":true,"href":"https:\/\/ammsud.com\/ar\/wp-json\/wp\/v2\/media\/5912"}],"wp:attachment":[{"href":"https:\/\/ammsud.com\/ar\/wp-json\/wp\/v2\/media?parent=5093"}],"wp:term":[{"taxonomy":"product_brand","embeddable":true,"href":"https:\/\/ammsud.com\/ar\/wp-json\/wp\/v2\/product_brand?post=5093"},{"taxonomy":"product_cat","embeddable":true,"href":"https:\/\/ammsud.com\/ar\/wp-json\/wp\/v2\/product_cat?post=5093"},{"taxonomy":"product_tag","embeddable":true,"href":"https:\/\/ammsud.com\/ar\/wp-json\/wp\/v2\/product_tag?post=5093"}],"curies":[{"name":"wp","href":"https:\/\/api.w.org\/{rel}","templated":true}]}}