{"id":5113,"date":"2026-05-04T16:47:59","date_gmt":"2026-05-04T15:47:59","guid":{"rendered":"https:\/\/ammsud.com\/produit\/isntree-hyper-retinol-ex-1-0-serum\/"},"modified":"2026-05-11T00:04:47","modified_gmt":"2026-05-10T23:04:47","slug":"isntree-hyper-retinol-ex-1-0-serum","status":"publish","type":"product","link":"https:\/\/ammsud.com\/ar\/product\/isntree-hyper-retinol-ex-1-0-serum\/","title":{"rendered":"Isntree Hyper Retinol Ex 1.0 Serum"},"content":{"rendered":"<h2>Pr\u00e9sentation<\/h2>\n<p>Le Isntree Hyper Retinol Ex 1.0 Serum de Isntree est un s\u00e9rum enrichi en r\u00e9tinol. Formul\u00e9 selon les standards les plus exigeants pour des r\u00e9sultats visibles.<\/p>\n<h2>B\u00e9n\u00e9fices<\/h2>\n<p>Agit en profondeur gr\u00e2ce \u00e0 r\u00e9tinol. Recommand\u00e9 par nos experts dermo-cosm\u00e9tiques AMM Sud.<\/p>\n<h2>Utilisation<\/h2>\n<p>Appliquer sur peau propre matin et\/ou soir. Compl\u00e9ter avec SPF en journ\u00e9e.<\/p>","protected":false},"excerpt":{"rendered":"<p>S\u00e9rum Isntree enrichi en r\u00e9tinol. Test\u00e9 dermatologiquement. Livraison rapide en Alg\u00e9rie chez AMM Sud.<\/p>","protected":false},"featured_media":5964,"comment_status":"open","ping_status":"closed","template":"","meta":{"_uag_custom_page_level_css":"","site-sidebar-layout":"default","site-content-layout":"","ast-site-content-layout":"default","site-content-style":"default","site-sidebar-style":"default","ast-global-header-display":"","ast-banner-title-visibility":"","ast-main-header-display":"","ast-hfb-above-header-display":"","ast-hfb-below-header-display":"","ast-hfb-mobile-header-display":"","site-post-title":"","ast-breadcrumbs-content":"","ast-featured-img":"","footer-sml-layout":"","ast-disable-related-posts":"","theme-transparent-header-meta":"","adv-header-id-meta":"","stick-header-meta":"","header-above-stick-meta":"","header-main-stick-meta":"","header-below-stick-meta":"","astra-migrate-meta-layouts":"default","ast-page-background-enabled":"default","ast-page-background-meta":{"desktop":{"background-color":"var(--ast-global-color-5)","background-image":"","background-repeat":"repeat","background-position":"center center","background-size":"auto","background-attachment":"scroll","background-type":"","background-media":"","overlay-type":"","overlay-color":"","overlay-opacity":"","overlay-gradient":""},"tablet":{"background-color":"","background-image":"","background-repeat":"repeat","background-position":"center center","background-size":"auto","background-attachment":"scroll","background-type":"","background-media":"","overlay-type":"","overlay-color":"","overlay-opacity":"","overlay-gradient":""},"mobile":{"background-color":"","background-image":"","background-repeat":"repeat","background-position":"center center","background-size":"auto","background-attachment":"scroll","background-type":"","background-media":"","overlay-type":"","overlay-color":"","overlay-opacity":"","overlay-gradient":""}},"ast-content-background-meta":{"desktop":{"background-color":"var(--ast-global-color-4)","background-image":"","background-repeat":"repeat","background-position":"center center","background-size":"auto","background-attachment":"scroll","background-type":"","background-media":"","overlay-type":"","overlay-color":"","overlay-opacity":"","overlay-gradient":""},"tablet":{"background-color":"var(--ast-global-color-4)","background-image":"","background-repeat":"repeat","background-position":"center center","background-size":"auto","background-attachment":"scroll","background-type":"","background-media":"","overlay-type":"","overlay-color":"","overlay-opacity":"","overlay-gradient":""},"mobile":{"background-color":"var(--ast-global-color-4)","background-image":"","background-repeat":"repeat","background-position":"center center","background-size":"auto","background-attachment":"scroll","background-type":"","background-media":"","overlay-type":"","overlay-color":"","overlay-opacity":"","overlay-gradient":""}},"_joinchat":[]},"pwb-brand":[232],"product_brand":[],"product_cat":[42,45],"product_tag":[97],"class_list":{"0":"post-5113","1":"product","2":"type-product","3":"status-publish","4":"has-post-thumbnail","6":"pwb-brand-isntree","7":"product_cat-anti-age","8":"product_cat-serums-ampoules","9":"product_tag-isntree","10":"desktop-align-left","11":"tablet-align-left","12":"mobile-align-left","14":"first","15":"instock","16":"shipping-taxable","17":"purchasable","18":"product-type-simple"},"uagb_featured_image_src":{"full":["https:\/\/ammsud.com\/wp-content\/uploads\/2026\/05\/isntree-hyper-retinol-ex-10-serum-20ml-prod1-min-j-isntree-ammsud.jpg",1000,1000,false],"thumbnail":["https:\/\/ammsud.com\/wp-content\/uploads\/2026\/05\/isntree-hyper-retinol-ex-10-serum-20ml-prod1-min-j-isntree-ammsud-150x150.jpg",150,150,true],"medium":["https:\/\/ammsud.com\/wp-content\/uploads\/2026\/05\/isntree-hyper-retinol-ex-10-serum-20ml-prod1-min-j-isntree-ammsud-300x300.jpg",300,300,true],"medium_large":["https:\/\/ammsud.com\/wp-content\/uploads\/2026\/05\/isntree-hyper-retinol-ex-10-serum-20ml-prod1-min-j-isntree-ammsud-768x768.jpg",768,768,true],"large":["https:\/\/ammsud.com\/wp-content\/uploads\/2026\/05\/isntree-hyper-retinol-ex-10-serum-20ml-prod1-min-j-isntree-ammsud.jpg",1000,1000,false],"1536x1536":["https:\/\/ammsud.com\/wp-content\/uploads\/2026\/05\/isntree-hyper-retinol-ex-10-serum-20ml-prod1-min-j-isntree-ammsud.jpg",1000,1000,false],"2048x2048":["https:\/\/ammsud.com\/wp-content\/uploads\/2026\/05\/isntree-hyper-retinol-ex-10-serum-20ml-prod1-min-j-isntree-ammsud.jpg",1000,1000,false],"trp-custom-language-flag":["https:\/\/ammsud.com\/wp-content\/uploads\/2026\/05\/isntree-hyper-retinol-ex-10-serum-20ml-prod1-min-j-isntree-ammsud-12x12.jpg",12,12,true],"woocommerce_thumbnail":["https:\/\/ammsud.com\/wp-content\/uploads\/2026\/05\/isntree-hyper-retinol-ex-10-serum-20ml-prod1-min-j-isntree-ammsud-300x300.jpg",300,300,true],"woocommerce_single":["https:\/\/ammsud.com\/wp-content\/uploads\/2026\/05\/isntree-hyper-retinol-ex-10-serum-20ml-prod1-min-j-isntree-ammsud-600x600.jpg",600,600,true],"woocommerce_gallery_thumbnail":["https:\/\/ammsud.com\/wp-content\/uploads\/2026\/05\/isntree-hyper-retinol-ex-10-serum-20ml-prod1-min-j-isntree-ammsud-100x100.jpg",100,100,true]},"uagb_author_info":{"display_name":"ammsud39@gmail.com","author_link":"https:\/\/ammsud.com\/ar\/author\/"},"uagb_comment_info":0,"uagb_excerpt":"S\u00e9rum Isntree enrichi en r\u00e9tinol. Test\u00e9 dermatologiquement. Livraison rapide en Alg\u00e9rie chez AMM Sud.","brands":[{"id":232,"name":"Isntree","slug":"isntree"}],"_links":{"self":[{"href":"https:\/\/ammsud.com\/ar\/wp-json\/wp\/v2\/product\/5113","targetHints":{"allow":["GET"]}}],"collection":[{"href":"https:\/\/ammsud.com\/ar\/wp-json\/wp\/v2\/product"}],"about":[{"href":"https:\/\/ammsud.com\/ar\/wp-json\/wp\/v2\/types\/product"}],"replies":[{"embeddable":true,"href":"https:\/\/ammsud.com\/ar\/wp-json\/wp\/v2\/comments?post=5113"}],"wp:featuredmedia":[{"embeddable":true,"href":"https:\/\/ammsud.com\/ar\/wp-json\/wp\/v2\/media\/5964"}],"wp:attachment":[{"href":"https:\/\/ammsud.com\/ar\/wp-json\/wp\/v2\/media?parent=5113"}],"wp:term":[{"taxonomy":"pwb-brand","embeddable":true,"href":"https:\/\/ammsud.com\/ar\/wp-json\/wp\/v2\/pwb-brand?post=5113"},{"taxonomy":"product_brand","embeddable":true,"href":"https:\/\/ammsud.com\/ar\/wp-json\/wp\/v2\/product_brand?post=5113"},{"taxonomy":"product_cat","embeddable":true,"href":"https:\/\/ammsud.com\/ar\/wp-json\/wp\/v2\/product_cat?post=5113"},{"taxonomy":"product_tag","embeddable":true,"href":"https:\/\/ammsud.com\/ar\/wp-json\/wp\/v2\/product_tag?post=5113"}],"curies":[{"name":"wp","href":"https:\/\/api.w.org\/{rel}","templated":true}]}}