{"id":5199,"date":"2026-05-04T17:00:33","date_gmt":"2026-05-04T16:00:33","guid":{"rendered":"https:\/\/ammsud.com\/produit\/bioderma-sebium-hydra-40ml\/"},"modified":"2026-05-10T23:59:45","modified_gmt":"2026-05-10T22:59:45","slug":"bioderma-sebium-hydra-40ml","status":"publish","type":"product","link":"https:\/\/ammsud.com\/ar\/product\/bioderma-sebium-hydra-40ml\/","title":{"rendered":"Bioderma Sebium Hydra 40Ml"},"content":{"rendered":"<h2>Pr\u00e9sentation<\/h2>\n<p>Le Bioderma Sebium Hydra 40Ml de Bioderma est un soin enrichi en actifs de haute qualit\u00e9. Formul\u00e9 selon les standards les plus exigeants pour des r\u00e9sultats visibles.<\/p>\n<h2>B\u00e9n\u00e9fices<\/h2>\n<p>Agit en profondeur gr\u00e2ce \u00e0 actifs de haute qualit\u00e9. Recommand\u00e9 par nos experts dermo-cosm\u00e9tiques AMM Sud.<\/p>\n<h2>Utilisation<\/h2>\n<p>Appliquer sur peau propre matin et\/ou soir. Compl\u00e9ter avec SPF en journ\u00e9e.<\/p>","protected":false},"excerpt":{"rendered":"<p>Soin Bioderma enrichi en actifs de haute qualit\u00e9. Test\u00e9 dermatologiquement. Livraison rapide en Alg\u00e9rie chez AMM Sud.<\/p>","protected":false},"featured_media":5809,"comment_status":"open","ping_status":"closed","template":"","meta":{"_uag_custom_page_level_css":"","site-sidebar-layout":"default","site-content-layout":"","ast-site-content-layout":"default","site-content-style":"default","site-sidebar-style":"default","ast-global-header-display":"","ast-banner-title-visibility":"","ast-main-header-display":"","ast-hfb-above-header-display":"","ast-hfb-below-header-display":"","ast-hfb-mobile-header-display":"","site-post-title":"","ast-breadcrumbs-content":"","ast-featured-img":"","footer-sml-layout":"","ast-disable-related-posts":"","theme-transparent-header-meta":"","adv-header-id-meta":"","stick-header-meta":"","header-above-stick-meta":"","header-main-stick-meta":"","header-below-stick-meta":"","astra-migrate-meta-layouts":"default","ast-page-background-enabled":"default","ast-page-background-meta":{"desktop":{"background-color":"var(--ast-global-color-5)","background-image":"","background-repeat":"repeat","background-position":"center center","background-size":"auto","background-attachment":"scroll","background-type":"","background-media":"","overlay-type":"","overlay-color":"","overlay-opacity":"","overlay-gradient":""},"tablet":{"background-color":"","background-image":"","background-repeat":"repeat","background-position":"center center","background-size":"auto","background-attachment":"scroll","background-type":"","background-media":"","overlay-type":"","overlay-color":"","overlay-opacity":"","overlay-gradient":""},"mobile":{"background-color":"","background-image":"","background-repeat":"repeat","background-position":"center center","background-size":"auto","background-attachment":"scroll","background-type":"","background-media":"","overlay-type":"","overlay-color":"","overlay-opacity":"","overlay-gradient":""}},"ast-content-background-meta":{"desktop":{"background-color":"var(--ast-global-color-4)","background-image":"","background-repeat":"repeat","background-position":"center center","background-size":"auto","background-attachment":"scroll","background-type":"","background-media":"","overlay-type":"","overlay-color":"","overlay-opacity":"","overlay-gradient":""},"tablet":{"background-color":"var(--ast-global-color-4)","background-image":"","background-repeat":"repeat","background-position":"center center","background-size":"auto","background-attachment":"scroll","background-type":"","background-media":"","overlay-type":"","overlay-color":"","overlay-opacity":"","overlay-gradient":""},"mobile":{"background-color":"var(--ast-global-color-4)","background-image":"","background-repeat":"repeat","background-position":"center center","background-size":"auto","background-attachment":"scroll","background-type":"","background-media":"","overlay-type":"","overlay-color":"","overlay-opacity":"","overlay-gradient":""}},"_joinchat":[]},"pwb-brand":[208],"product_brand":[],"product_cat":[39],"product_tag":[81],"class_list":{"0":"post-5199","1":"product","2":"type-product","3":"status-publish","4":"has-post-thumbnail","6":"pwb-brand-bioderma","7":"product_cat-hydratants","8":"product_tag-bioderma","9":"desktop-align-left","10":"tablet-align-left","11":"mobile-align-left","13":"first","14":"instock","15":"shipping-taxable","16":"purchasable","17":"product-type-simple"},"uagb_featured_image_src":{"full":["https:\/\/ammsud.com\/wp-content\/uploads\/2026\/05\/bioderma-sebium-hydra-40-ml-2728-113-0040-1-bioderma-ammsud.jpg",704,2000,false],"thumbnail":["https:\/\/ammsud.com\/wp-content\/uploads\/2026\/05\/bioderma-sebium-hydra-40-ml-2728-113-0040-1-bioderma-ammsud-150x150.jpg",150,150,true],"medium":["https:\/\/ammsud.com\/wp-content\/uploads\/2026\/05\/bioderma-sebium-hydra-40-ml-2728-113-0040-1-bioderma-ammsud-106x300.jpg",106,300,true],"medium_large":["https:\/\/ammsud.com\/wp-content\/uploads\/2026\/05\/bioderma-sebium-hydra-40-ml-2728-113-0040-1-bioderma-ammsud.jpg",704,2000,false],"large":["https:\/\/ammsud.com\/wp-content\/uploads\/2026\/05\/bioderma-sebium-hydra-40-ml-2728-113-0040-1-bioderma-ammsud-360x1024.jpg",360,1024,true],"1536x1536":["https:\/\/ammsud.com\/wp-content\/uploads\/2026\/05\/bioderma-sebium-hydra-40-ml-2728-113-0040-1-bioderma-ammsud-541x1536.jpg",541,1536,true],"2048x2048":["https:\/\/ammsud.com\/wp-content\/uploads\/2026\/05\/bioderma-sebium-hydra-40-ml-2728-113-0040-1-bioderma-ammsud.jpg",704,2000,false],"trp-custom-language-flag":["https:\/\/ammsud.com\/wp-content\/uploads\/2026\/05\/bioderma-sebium-hydra-40-ml-2728-113-0040-1-bioderma-ammsud-4x12.jpg",4,12,true],"woocommerce_thumbnail":["https:\/\/ammsud.com\/wp-content\/uploads\/2026\/05\/bioderma-sebium-hydra-40-ml-2728-113-0040-1-bioderma-ammsud-300x300.jpg",300,300,true],"woocommerce_single":["https:\/\/ammsud.com\/wp-content\/uploads\/2026\/05\/bioderma-sebium-hydra-40-ml-2728-113-0040-1-bioderma-ammsud-600x1705.jpg",600,1705,true],"woocommerce_gallery_thumbnail":["https:\/\/ammsud.com\/wp-content\/uploads\/2026\/05\/bioderma-sebium-hydra-40-ml-2728-113-0040-1-bioderma-ammsud-100x100.jpg",100,100,true]},"uagb_author_info":{"display_name":"ammsud39@gmail.com","author_link":"https:\/\/ammsud.com\/ar\/author\/"},"uagb_comment_info":0,"uagb_excerpt":"Soin Bioderma enrichi en actifs de haute qualit\u00e9. Test\u00e9 dermatologiquement. Livraison rapide en Alg\u00e9rie chez AMM Sud.","brands":[{"id":208,"name":"\u0628\u064a\u0648\u062f\u064a\u0631\u0645\u0627","slug":"bioderma"}],"_links":{"self":[{"href":"https:\/\/ammsud.com\/ar\/wp-json\/wp\/v2\/product\/5199","targetHints":{"allow":["GET"]}}],"collection":[{"href":"https:\/\/ammsud.com\/ar\/wp-json\/wp\/v2\/product"}],"about":[{"href":"https:\/\/ammsud.com\/ar\/wp-json\/wp\/v2\/types\/product"}],"replies":[{"embeddable":true,"href":"https:\/\/ammsud.com\/ar\/wp-json\/wp\/v2\/comments?post=5199"}],"wp:featuredmedia":[{"embeddable":true,"href":"https:\/\/ammsud.com\/ar\/wp-json\/wp\/v2\/media\/5809"}],"wp:attachment":[{"href":"https:\/\/ammsud.com\/ar\/wp-json\/wp\/v2\/media?parent=5199"}],"wp:term":[{"taxonomy":"pwb-brand","embeddable":true,"href":"https:\/\/ammsud.com\/ar\/wp-json\/wp\/v2\/pwb-brand?post=5199"},{"taxonomy":"product_brand","embeddable":true,"href":"https:\/\/ammsud.com\/ar\/wp-json\/wp\/v2\/product_brand?post=5199"},{"taxonomy":"product_cat","embeddable":true,"href":"https:\/\/ammsud.com\/ar\/wp-json\/wp\/v2\/product_cat?post=5199"},{"taxonomy":"product_tag","embeddable":true,"href":"https:\/\/ammsud.com\/ar\/wp-json\/wp\/v2\/product_tag?post=5199"}],"curies":[{"name":"wp","href":"https:\/\/api.w.org\/{rel}","templated":true}]}}