{"id":5622,"date":"2026-05-04T17:02:32","date_gmt":"2026-05-04T16:02:32","guid":{"rendered":"https:\/\/ammsud.com\/produit\/the-inkey-list-pha-exfoliating-and-hydrating-body-water-cream\/"},"modified":"2026-05-04T22:24:54","modified_gmt":"2026-05-04T21:24:54","slug":"the-inkey-list-pha-exfoliating-and-hydrating-body-water-cream","status":"publish","type":"product","link":"https:\/\/ammsud.com\/ar\/product\/the-inkey-list-pha-exfoliating-and-hydrating-body-water-cream\/","title":{"rendered":"The Inkey List Pha Exfoliating And Hydrating Body Water Cream"},"content":{"rendered":"<h2>Pr\u00e9sentation<\/h2>\n<p>Le The Inkey List Pha Exfoliating And Hydrating Body Water Cream de Skincare est un cr\u00e8me enrichi en actifs de haute qualit\u00e9. Formul\u00e9 selon les standards les plus exigeants pour des r\u00e9sultats visibles.<\/p>\n<h2>B\u00e9n\u00e9fices<\/h2>\n<p>Agit en profondeur gr\u00e2ce \u00e0 actifs de haute qualit\u00e9. Recommand\u00e9 par nos experts dermo-cosm\u00e9tiques AMM Sud.<\/p>\n<h2>Utilisation<\/h2>\n<p>Appliquer sur peau propre matin et\/ou soir. Compl\u00e9ter avec SPF en journ\u00e9e.<\/p>","protected":false},"excerpt":{"rendered":"<p>Cr\u00e8me Skincare enrichi en actifs de haute qualit\u00e9. Test\u00e9 dermatologiquement. Livraison rapide en Alg\u00e9rie chez AMM Sud.<\/p>","protected":false},"featured_media":0,"comment_status":"open","ping_status":"closed","template":"","meta":{"_uag_custom_page_level_css":"","site-sidebar-layout":"default","site-content-layout":"","ast-site-content-layout":"default","site-content-style":"default","site-sidebar-style":"default","ast-global-header-display":"","ast-banner-title-visibility":"","ast-main-header-display":"","ast-hfb-above-header-display":"","ast-hfb-below-header-display":"","ast-hfb-mobile-header-display":"","site-post-title":"","ast-breadcrumbs-content":"","ast-featured-img":"","footer-sml-layout":"","ast-disable-related-posts":"","theme-transparent-header-meta":"","adv-header-id-meta":"","stick-header-meta":"","header-above-stick-meta":"","header-main-stick-meta":"","header-below-stick-meta":"","astra-migrate-meta-layouts":"default","ast-page-background-enabled":"default","ast-page-background-meta":{"desktop":{"background-color":"var(--ast-global-color-5)","background-image":"","background-repeat":"repeat","background-position":"center center","background-size":"auto","background-attachment":"scroll","background-type":"","background-media":"","overlay-type":"","overlay-color":"","overlay-opacity":"","overlay-gradient":""},"tablet":{"background-color":"","background-image":"","background-repeat":"repeat","background-position":"center center","background-size":"auto","background-attachment":"scroll","background-type":"","background-media":"","overlay-type":"","overlay-color":"","overlay-opacity":"","overlay-gradient":""},"mobile":{"background-color":"","background-image":"","background-repeat":"repeat","background-position":"center center","background-size":"auto","background-attachment":"scroll","background-type":"","background-media":"","overlay-type":"","overlay-color":"","overlay-opacity":"","overlay-gradient":""}},"ast-content-background-meta":{"desktop":{"background-color":"var(--ast-global-color-4)","background-image":"","background-repeat":"repeat","background-position":"center center","background-size":"auto","background-attachment":"scroll","background-type":"","background-media":"","overlay-type":"","overlay-color":"","overlay-opacity":"","overlay-gradient":""},"tablet":{"background-color":"var(--ast-global-color-4)","background-image":"","background-repeat":"repeat","background-position":"center center","background-size":"auto","background-attachment":"scroll","background-type":"","background-media":"","overlay-type":"","overlay-color":"","overlay-opacity":"","overlay-gradient":""},"mobile":{"background-color":"var(--ast-global-color-4)","background-image":"","background-repeat":"repeat","background-position":"center center","background-size":"auto","background-attachment":"scroll","background-type":"","background-media":"","overlay-type":"","overlay-color":"","overlay-opacity":"","overlay-gradient":""}},"_joinchat":[]},"pwb-brand":[256],"product_brand":[],"product_cat":[39,265],"product_tag":[192],"class_list":{"0":"post-5622","1":"product","2":"type-product","3":"status-publish","5":"pwb-brand-the-inkey-list","6":"product_cat-hydratants","7":"product_cat-hydratants-cremes","8":"product_tag-skincare","9":"desktop-align-left","10":"tablet-align-left","11":"mobile-align-left","13":"first","14":"instock","15":"shipping-taxable","16":"purchasable","17":"product-type-simple"},"uagb_featured_image_src":{"full":false,"thumbnail":false,"medium":false,"medium_large":false,"large":false,"1536x1536":false,"2048x2048":false,"trp-custom-language-flag":false,"woocommerce_thumbnail":false,"woocommerce_single":false,"woocommerce_gallery_thumbnail":false},"uagb_author_info":{"display_name":"ammsud39@gmail.com","author_link":"https:\/\/ammsud.com\/ar\/author\/"},"uagb_comment_info":0,"uagb_excerpt":"Cr\u00e8me Skincare enrichi en actifs de haute qualit\u00e9. Test\u00e9 dermatologiquement. Livraison rapide en Alg\u00e9rie chez AMM Sud.","brands":[{"id":256,"name":"The Inkey List","slug":"the-inkey-list"}],"_links":{"self":[{"href":"https:\/\/ammsud.com\/ar\/wp-json\/wp\/v2\/product\/5622","targetHints":{"allow":["GET"]}}],"collection":[{"href":"https:\/\/ammsud.com\/ar\/wp-json\/wp\/v2\/product"}],"about":[{"href":"https:\/\/ammsud.com\/ar\/wp-json\/wp\/v2\/types\/product"}],"replies":[{"embeddable":true,"href":"https:\/\/ammsud.com\/ar\/wp-json\/wp\/v2\/comments?post=5622"}],"wp:attachment":[{"href":"https:\/\/ammsud.com\/ar\/wp-json\/wp\/v2\/media?parent=5622"}],"wp:term":[{"taxonomy":"pwb-brand","embeddable":true,"href":"https:\/\/ammsud.com\/ar\/wp-json\/wp\/v2\/pwb-brand?post=5622"},{"taxonomy":"product_brand","embeddable":true,"href":"https:\/\/ammsud.com\/ar\/wp-json\/wp\/v2\/product_brand?post=5622"},{"taxonomy":"product_cat","embeddable":true,"href":"https:\/\/ammsud.com\/ar\/wp-json\/wp\/v2\/product_cat?post=5622"},{"taxonomy":"product_tag","embeddable":true,"href":"https:\/\/ammsud.com\/ar\/wp-json\/wp\/v2\/product_tag?post=5622"}],"curies":[{"name":"wp","href":"https:\/\/api.w.org\/{rel}","templated":true}]}}